{"id":1157,"date":"2022-11-11T15:43:48","date_gmt":"2022-11-11T14:43:48","guid":{"rendered":"https:\/\/vino-leber.si\/rezervacija-sobe\/"},"modified":"2022-12-16T16:13:01","modified_gmt":"2022-12-16T15:13:01","slug":"booking","status":"publish","type":"page","link":"https:\/\/vino-leber.si\/en\/booking\/","title":{"rendered":"Booking a room"},"content":{"rendered":"\n<style type=\"text\/css\" data-created_by=\"avia_inline_auto\" id=\"style-css-av-gsofw-1d1ec6b82b4990097f9ca86b40babfa9\">\n.flex_column.av-gsofw-1d1ec6b82b4990097f9ca86b40babfa9{\n-webkit-border-radius:0px 0px 0px 0px;\n-moz-border-radius:0px 0px 0px 0px;\nborder-radius:0px 0px 0px 0px;\npadding:0px 0px 0px 0px;\n}\n<\/style>\n<div class='flex_column av-gsofw-1d1ec6b82b4990097f9ca86b40babfa9 av_one_fourth  avia-builder-el-0  el_before_av_one_half  avia-builder-el-first  first flex_column_div av-zero-column-padding '     ><\/div>\n\n<style type=\"text\/css\" data-created_by=\"avia_inline_auto\" id=\"style-css-av-bqcec-c1bfa7d18cc62314b559f038db64ea9a\">\n.flex_column.av-bqcec-c1bfa7d18cc62314b559f038db64ea9a{\n-webkit-border-radius:0px 0px 0px 0px;\n-moz-border-radius:0px 0px 0px 0px;\nborder-radius:0px 0px 0px 0px;\npadding:0px 0px 0px 0px;\n}\n<\/style>\n<div class='flex_column av-bqcec-c1bfa7d18cc62314b559f038db64ea9a av_one_half  avia-builder-el-1  el_after_av_one_fourth  el_before_av_one_fourth  flex_column_div av-zero-column-padding '     ><p>\n<style type=\"text\/css\" data-created_by=\"avia_inline_auto\" id=\"style-css-av-lajgcocg-8880a60502321b658d7aa15bbecb1945\">\n#top .av-special-heading.av-lajgcocg-8880a60502321b658d7aa15bbecb1945{\npadding-bottom:10px;\n}\nbody .av-special-heading.av-lajgcocg-8880a60502321b658d7aa15bbecb1945 .av-special-heading-tag .heading-char{\nfont-size:25px;\n}\n.av-special-heading.av-lajgcocg-8880a60502321b658d7aa15bbecb1945 .av-subheading{\nfont-size:15px;\n}\n<\/style>\n<div  class='av-special-heading av-lajgcocg-8880a60502321b658d7aa15bbecb1945 av-special-heading-h1 blockquote modern-quote  avia-builder-el-2  el_before_av_textblock  avia-builder-el-first '><h1 class='av-special-heading-tag'  itemprop=\"headline\"  >Book a room<\/h1><div class=\"special-heading-border\"><div class=\"special-heading-inner-border\"><\/div><\/div><\/div><br \/>\n<section  class='av_textblock_section av-laclyl7g-3853128c48fb05a91bc42ffbe33a3a36'  itemscope=\"itemscope\" itemtype=\"https:\/\/schema.org\/CreativeWork\" ><div class='avia_textblock'  itemprop=\"text\" ><script src=\"\/\/www.bentral.com\/service\/embed\/booking.js?id=5f7a45784e515f4d&title=1&width=full&poweredby=0&lang=en&key=1db140e8a0efe3df161b2eab2e53938e\"><\/script>\n<\/div><\/section><\/p><\/div>\n<style type=\"text\/css\" data-created_by=\"avia_inline_auto\" id=\"style-css-av-7sry4-7b856b4fa8da5c6ad8c1c0e132dd2c4d\">\n.flex_column.av-7sry4-7b856b4fa8da5c6ad8c1c0e132dd2c4d{\n-webkit-border-radius:0px 0px 0px 0px;\n-moz-border-radius:0px 0px 0px 0px;\nborder-radius:0px 0px 0px 0px;\npadding:0px 0px 0px 0px;\n}\n<\/style>\n<div class='flex_column av-7sry4-7b856b4fa8da5c6ad8c1c0e132dd2c4d av_one_fourth  avia-builder-el-4  el_after_av_one_half  avia-builder-el-last  flex_column_div av-zero-column-padding '     ><\/div><\/p>\n","protected":false},"excerpt":{"rendered":"","protected":false},"author":1,"featured_media":0,"parent":0,"menu_order":0,"comment_status":"closed","ping_status":"closed","template":"","meta":[],"yoast_head":"<!-- This site is optimized with the Yoast SEO plugin v19.13 - https:\/\/yoast.com\/wordpress\/plugins\/seo\/ -->\n<title>Booking a room - Vino Leber<\/title>\n<meta name=\"robots\" content=\"index, follow, max-snippet:-1, max-image-preview:large, max-video-preview:-1\" \/>\n<link rel=\"canonical\" href=\"https:\/\/vino-leber.si\/en\/booking\/\" \/>\n<meta property=\"og:locale\" content=\"en_US\" \/>\n<meta property=\"og:type\" content=\"article\" \/>\n<meta property=\"og:title\" content=\"Booking a room - Vino Leber\" \/>\n<meta property=\"og:url\" content=\"https:\/\/vino-leber.si\/en\/booking\/\" \/>\n<meta property=\"og:site_name\" content=\"Vino Leber\" \/>\n<meta property=\"article:modified_time\" content=\"2022-12-16T15:13:01+00:00\" \/>\n<meta name=\"twitter:card\" content=\"summary_large_image\" \/>\n<meta name=\"twitter:label1\" content=\"Est. reading time\" \/>\n\t<meta name=\"twitter:data1\" content=\"1 minute\" \/>\n<script type=\"application\/ld+json\" class=\"yoast-schema-graph\">{\"@context\":\"https:\/\/schema.org\",\"@graph\":[{\"@type\":\"WebPage\",\"@id\":\"https:\/\/vino-leber.si\/en\/booking\/\",\"url\":\"https:\/\/vino-leber.si\/en\/booking\/\",\"name\":\"Booking a room - Vino Leber\",\"isPartOf\":{\"@id\":\"https:\/\/vino-leber.si\/#website\"},\"datePublished\":\"2022-11-11T14:43:48+00:00\",\"dateModified\":\"2022-12-16T15:13:01+00:00\",\"breadcrumb\":{\"@id\":\"https:\/\/vino-leber.si\/en\/booking\/#breadcrumb\"},\"inLanguage\":\"en-US\",\"potentialAction\":[{\"@type\":\"ReadAction\",\"target\":[\"https:\/\/vino-leber.si\/en\/booking\/\"]}]},{\"@type\":\"BreadcrumbList\",\"@id\":\"https:\/\/vino-leber.si\/en\/booking\/#breadcrumb\",\"itemListElement\":[{\"@type\":\"ListItem\",\"position\":1,\"name\":\"Home\",\"item\":\"https:\/\/vino-leber.si\/en\/\"},{\"@type\":\"ListItem\",\"position\":2,\"name\":\"Booking a room\"}]},{\"@type\":\"WebSite\",\"@id\":\"https:\/\/vino-leber.si\/#website\",\"url\":\"https:\/\/vino-leber.si\/\",\"name\":\"Vino Leber\",\"description\":\"\u0160e eno spleti\u0161\u010de WordPress\",\"potentialAction\":[{\"@type\":\"SearchAction\",\"target\":{\"@type\":\"EntryPoint\",\"urlTemplate\":\"https:\/\/vino-leber.si\/?s={search_term_string}\"},\"query-input\":\"required name=search_term_string\"}],\"inLanguage\":\"en-US\"}]}<\/script>\n<!-- \/ Yoast SEO plugin. -->","yoast_head_json":{"title":"Booking a room - Vino Leber","robots":{"index":"index","follow":"follow","max-snippet":"max-snippet:-1","max-image-preview":"max-image-preview:large","max-video-preview":"max-video-preview:-1"},"canonical":"https:\/\/vino-leber.si\/en\/booking\/","og_locale":"en_US","og_type":"article","og_title":"Booking a room - Vino Leber","og_url":"https:\/\/vino-leber.si\/en\/booking\/","og_site_name":"Vino Leber","article_modified_time":"2022-12-16T15:13:01+00:00","twitter_card":"summary_large_image","twitter_misc":{"Est. reading time":"1 minute"},"schema":{"@context":"https:\/\/schema.org","@graph":[{"@type":"WebPage","@id":"https:\/\/vino-leber.si\/en\/booking\/","url":"https:\/\/vino-leber.si\/en\/booking\/","name":"Booking a room - Vino Leber","isPartOf":{"@id":"https:\/\/vino-leber.si\/#website"},"datePublished":"2022-11-11T14:43:48+00:00","dateModified":"2022-12-16T15:13:01+00:00","breadcrumb":{"@id":"https:\/\/vino-leber.si\/en\/booking\/#breadcrumb"},"inLanguage":"en-US","potentialAction":[{"@type":"ReadAction","target":["https:\/\/vino-leber.si\/en\/booking\/"]}]},{"@type":"BreadcrumbList","@id":"https:\/\/vino-leber.si\/en\/booking\/#breadcrumb","itemListElement":[{"@type":"ListItem","position":1,"name":"Home","item":"https:\/\/vino-leber.si\/en\/"},{"@type":"ListItem","position":2,"name":"Booking a room"}]},{"@type":"WebSite","@id":"https:\/\/vino-leber.si\/#website","url":"https:\/\/vino-leber.si\/","name":"Vino Leber","description":"\u0160e eno spleti\u0161\u010de WordPress","potentialAction":[{"@type":"SearchAction","target":{"@type":"EntryPoint","urlTemplate":"https:\/\/vino-leber.si\/?s={search_term_string}"},"query-input":"required name=search_term_string"}],"inLanguage":"en-US"}]}},"_links":{"self":[{"href":"https:\/\/vino-leber.si\/en\/wp-json\/wp\/v2\/pages\/1157"}],"collection":[{"href":"https:\/\/vino-leber.si\/en\/wp-json\/wp\/v2\/pages"}],"about":[{"href":"https:\/\/vino-leber.si\/en\/wp-json\/wp\/v2\/types\/page"}],"author":[{"embeddable":true,"href":"https:\/\/vino-leber.si\/en\/wp-json\/wp\/v2\/users\/1"}],"replies":[{"embeddable":true,"href":"https:\/\/vino-leber.si\/en\/wp-json\/wp\/v2\/comments?post=1157"}],"version-history":[{"count":6,"href":"https:\/\/vino-leber.si\/en\/wp-json\/wp\/v2\/pages\/1157\/revisions"}],"predecessor-version":[{"id":1164,"href":"https:\/\/vino-leber.si\/en\/wp-json\/wp\/v2\/pages\/1157\/revisions\/1164"}],"wp:attachment":[{"href":"https:\/\/vino-leber.si\/en\/wp-json\/wp\/v2\/media?parent=1157"}],"curies":[{"name":"wp","href":"https:\/\/api.w.org\/{rel}","templated":true}]}}