{"id":324,"date":"2018-11-21T13:53:58","date_gmt":"2018-11-21T12:53:58","guid":{"rendered":"http:\/\/vino-leber.si\/vzorcna-stran\/"},"modified":"2022-12-19T11:28:02","modified_gmt":"2022-12-19T10:28:02","slug":"vzorcna-stran","status":"publish","type":"page","link":"https:\/\/vino-leber.si\/en\/","title":{"rendered":"About us"},"content":{"rendered":"<div id='layer_slider_1'  class='avia-layerslider main_color avia-shadow  avia-builder-el-0  el_before_av_codeblock  avia-builder-el-first  container_wrap fullsize'  style='height: 721px;'  ><\/div><div id='after_layer_slider_1'  class='main_color av_default_container_wrap container_wrap fullsize'  ><div class='container av-section-cont-open' ><div class='template-page content  av-content-full alpha units'><div class='post-entry post-entry-type-page post-entry-324'><div class='entry-content-wrapper clearfix'>\n\n<\/div><\/div><\/div><!-- close content main div --><\/div><\/div><div id='layer_slider_2'  class='avia-layerslider main_color avia-shadow  avia-builder-el-2  el_after_av_codeblock  el_before_av_section  slider-not-first container_wrap fullsize'  style='height: 721px;'  ><\/div>\n\n<style type=\"text\/css\" data-created_by=\"avia_inline_auto\" id=\"style-css-av-5p70-81e5a874e66222ad9ff2d6b7566a7bc3\">\n.avia-section.av-5p70-81e5a874e66222ad9ff2d6b7566a7bc3{\nbackground-color:#cc932a;\nbackground-image:unset;\n}\n<\/style>\n<div id='mobilecontent'  class='avia-section av-5p70-81e5a874e66222ad9ff2d6b7566a7bc3 main_color avia-section-default avia-no-border-styling  avia-builder-el-3  el_after_av_layerslider  avia-builder-el-last  avia-bg-style-scroll container_wrap fullsize'  ><div class='container av-section-cont-open' ><div class='template-page content  av-content-full alpha units'><div class='post-entry post-entry-type-page post-entry-324'><div class='entry-content-wrapper clearfix'>\n\n<style type=\"text\/css\" data-created_by=\"avia_inline_auto\" id=\"style-css-av-46ck-aff0e190d3027a403c2927d894bcd523\">\n.flex_column.av-46ck-aff0e190d3027a403c2927d894bcd523{\n-webkit-border-radius:0px 0px 0px 0px;\n-moz-border-radius:0px 0px 0px 0px;\nborder-radius:0px 0px 0px 0px;\npadding:0px 0px 0px 0px;\n}\n<\/style>\n<div class='flex_column av-46ck-aff0e190d3027a403c2927d894bcd523 av_one_full  avia-builder-el-4  avia-builder-el-no-sibling  first flex_column_div av-zero-column-padding '     ><p>\n<style type=\"text\/css\" data-created_by=\"avia_inline_auto\" id=\"style-css-av-jpuzmxw6-4915b14e248ccf7e01b5dd8a7905353b\">\n#top .av-special-heading.av-jpuzmxw6-4915b14e248ccf7e01b5dd8a7905353b{\npadding-bottom:10px;\ncolor:#ffffff;\n}\nbody .av-special-heading.av-jpuzmxw6-4915b14e248ccf7e01b5dd8a7905353b .av-special-heading-tag .heading-char{\nfont-size:25px;\n}\n.av-special-heading.av-jpuzmxw6-4915b14e248ccf7e01b5dd8a7905353b .special-heading-inner-border{\nborder-color:#ffffff;\n}\n.av-special-heading.av-jpuzmxw6-4915b14e248ccf7e01b5dd8a7905353b .av-subheading{\nfont-size:15px;\n}\n<\/style>\n<div  class='av-special-heading av-jpuzmxw6-4915b14e248ccf7e01b5dd8a7905353b av-special-heading-h1 custom-color-heading blockquote modern-quote modern-centered  avia-builder-el-5  el_before_av_textblock  avia-builder-el-first '><h1 class='av-special-heading-tag'  itemprop=\"headline\"  >ABOUT US<\/h1><div class=\"special-heading-border\"><div class=\"special-heading-inner-border\"><\/div><\/div><\/div><br \/>\n\n<style type=\"text\/css\" data-created_by=\"avia_inline_auto\" id=\"style-css-av-jppn2wox-a0cfd33d88517332c6c779fb2bb4ed63\">\n#top .av_textblock_section.av-jppn2wox-a0cfd33d88517332c6c779fb2bb4ed63 .avia_textblock{\ncolor:#ffffff;\n}\n<\/style>\n<section  class='av_textblock_section av-jppn2wox-a0cfd33d88517332c6c779fb2bb4ed63'  itemscope=\"itemscope\" itemtype=\"https:\/\/schema.org\/CreativeWork\" ><div class='avia_textblock av_inherit_color'  itemprop=\"text\" ><p>Leber excursion farm can be found only a stone&#8217;s throw away from the Austrian border, at the edge of the Slovenske Gorice hills. Despite being only a couple of steps away from our Austrian colleagues, many of our guests, lovers of good food and wines, stop by on a regular basis. Our reputation for excellence reaches far and wide, across the border and more recently, across the seven seas. Leber is home to three generations who all contribute to the production of our wine.<\/p>\n<\/div><\/section><\/p><\/div>\n\n","protected":false},"excerpt":{"rendered":"","protected":false},"author":1,"featured_media":0,"parent":0,"menu_order":0,"comment_status":"closed","ping_status":"closed","template":"","meta":[],"yoast_head":"<!-- This site is optimized with the Yoast SEO plugin v19.13 - https:\/\/yoast.com\/wordpress\/plugins\/seo\/ -->\n<title>About us - Vino Leber<\/title>\n<meta name=\"robots\" content=\"index, follow, max-snippet:-1, max-image-preview:large, max-video-preview:-1\" \/>\n<link rel=\"canonical\" href=\"https:\/\/vino-leber.si\/en\/\" \/>\n<meta property=\"og:locale\" content=\"en_US\" \/>\n<meta property=\"og:type\" content=\"article\" \/>\n<meta property=\"og:title\" content=\"About us - Vino Leber\" \/>\n<meta property=\"og:url\" content=\"https:\/\/vino-leber.si\/en\/\" \/>\n<meta property=\"og:site_name\" content=\"Vino Leber\" \/>\n<meta property=\"article:modified_time\" content=\"2022-12-19T10:28:02+00:00\" \/>\n<meta name=\"twitter:card\" content=\"summary_large_image\" \/>\n<meta name=\"twitter:label1\" content=\"Est. reading time\" \/>\n\t<meta name=\"twitter:data1\" content=\"2 minutes\" \/>\n<script type=\"application\/ld+json\" class=\"yoast-schema-graph\">{\"@context\":\"https:\/\/schema.org\",\"@graph\":[{\"@type\":\"WebPage\",\"@id\":\"https:\/\/vino-leber.si\/en\/\",\"url\":\"https:\/\/vino-leber.si\/en\/\",\"name\":\"About us - Vino Leber\",\"isPartOf\":{\"@id\":\"https:\/\/vino-leber.si\/#website\"},\"datePublished\":\"2018-11-21T12:53:58+00:00\",\"dateModified\":\"2022-12-19T10:28:02+00:00\",\"breadcrumb\":{\"@id\":\"https:\/\/vino-leber.si\/en\/#breadcrumb\"},\"inLanguage\":\"en-US\",\"potentialAction\":[{\"@type\":\"ReadAction\",\"target\":[\"https:\/\/vino-leber.si\/en\/\"]}]},{\"@type\":\"BreadcrumbList\",\"@id\":\"https:\/\/vino-leber.si\/en\/#breadcrumb\",\"itemListElement\":[{\"@type\":\"ListItem\",\"position\":1,\"name\":\"Home\",\"item\":\"https:\/\/vino-leber.si\/en\/\"},{\"@type\":\"ListItem\",\"position\":2,\"name\":\"About us\"}]},{\"@type\":\"WebSite\",\"@id\":\"https:\/\/vino-leber.si\/#website\",\"url\":\"https:\/\/vino-leber.si\/\",\"name\":\"Vino Leber\",\"description\":\"\u0160e eno spleti\u0161\u010de WordPress\",\"potentialAction\":[{\"@type\":\"SearchAction\",\"target\":{\"@type\":\"EntryPoint\",\"urlTemplate\":\"https:\/\/vino-leber.si\/?s={search_term_string}\"},\"query-input\":\"required name=search_term_string\"}],\"inLanguage\":\"en-US\"}]}<\/script>\n<!-- \/ Yoast SEO plugin. -->","yoast_head_json":{"title":"About us - Vino Leber","robots":{"index":"index","follow":"follow","max-snippet":"max-snippet:-1","max-image-preview":"max-image-preview:large","max-video-preview":"max-video-preview:-1"},"canonical":"https:\/\/vino-leber.si\/en\/","og_locale":"en_US","og_type":"article","og_title":"About us - Vino Leber","og_url":"https:\/\/vino-leber.si\/en\/","og_site_name":"Vino Leber","article_modified_time":"2022-12-19T10:28:02+00:00","twitter_card":"summary_large_image","twitter_misc":{"Est. reading time":"2 minutes"},"schema":{"@context":"https:\/\/schema.org","@graph":[{"@type":"WebPage","@id":"https:\/\/vino-leber.si\/en\/","url":"https:\/\/vino-leber.si\/en\/","name":"About us - Vino Leber","isPartOf":{"@id":"https:\/\/vino-leber.si\/#website"},"datePublished":"2018-11-21T12:53:58+00:00","dateModified":"2022-12-19T10:28:02+00:00","breadcrumb":{"@id":"https:\/\/vino-leber.si\/en\/#breadcrumb"},"inLanguage":"en-US","potentialAction":[{"@type":"ReadAction","target":["https:\/\/vino-leber.si\/en\/"]}]},{"@type":"BreadcrumbList","@id":"https:\/\/vino-leber.si\/en\/#breadcrumb","itemListElement":[{"@type":"ListItem","position":1,"name":"Home","item":"https:\/\/vino-leber.si\/en\/"},{"@type":"ListItem","position":2,"name":"About us"}]},{"@type":"WebSite","@id":"https:\/\/vino-leber.si\/#website","url":"https:\/\/vino-leber.si\/","name":"Vino Leber","description":"\u0160e eno spleti\u0161\u010de WordPress","potentialAction":[{"@type":"SearchAction","target":{"@type":"EntryPoint","urlTemplate":"https:\/\/vino-leber.si\/?s={search_term_string}"},"query-input":"required name=search_term_string"}],"inLanguage":"en-US"}]}},"_links":{"self":[{"href":"https:\/\/vino-leber.si\/en\/wp-json\/wp\/v2\/pages\/324"}],"collection":[{"href":"https:\/\/vino-leber.si\/en\/wp-json\/wp\/v2\/pages"}],"about":[{"href":"https:\/\/vino-leber.si\/en\/wp-json\/wp\/v2\/types\/page"}],"author":[{"embeddable":true,"href":"https:\/\/vino-leber.si\/en\/wp-json\/wp\/v2\/users\/1"}],"replies":[{"embeddable":true,"href":"https:\/\/vino-leber.si\/en\/wp-json\/wp\/v2\/comments?post=324"}],"version-history":[{"count":8,"href":"https:\/\/vino-leber.si\/en\/wp-json\/wp\/v2\/pages\/324\/revisions"}],"predecessor-version":[{"id":1200,"href":"https:\/\/vino-leber.si\/en\/wp-json\/wp\/v2\/pages\/324\/revisions\/1200"}],"wp:attachment":[{"href":"https:\/\/vino-leber.si\/en\/wp-json\/wp\/v2\/media?parent=324"}],"curies":[{"name":"wp","href":"https:\/\/api.w.org\/{rel}","templated":true}]}}