{"id":348,"date":"2018-11-21T14:14:26","date_gmt":"2018-11-21T13:14:26","guid":{"rendered":"http:\/\/vino-leber.si\/kontakt\/"},"modified":"2022-12-19T11:33:31","modified_gmt":"2022-12-19T10:33:31","slug":"contact","status":"publish","type":"page","link":"https:\/\/vino-leber.si\/en\/contact\/","title":{"rendered":"Contact"},"content":{"rendered":"<div id='layer_slider_1'  class='avia-layerslider main_color avia-shadow  avia-builder-el-0  el_before_av_codeblock  avia-builder-el-first  container_wrap fullsize'  style='height: 721px;'  ><\/div><div id='after_layer_slider_1'  class='main_color av_default_container_wrap container_wrap fullsize'  ><div class='container av-section-cont-open' ><div class='template-page content  av-content-full alpha units'><div class='post-entry post-entry-type-page post-entry-348'><div class='entry-content-wrapper clearfix'>\n\n<\/div><\/div><\/div><!-- close content main div --><\/div><\/div><div id='layer_slider_2'  class='avia-layerslider main_color avia-shadow  avia-builder-el-2  el_after_av_codeblock  el_before_av_section  slider-not-first container_wrap fullsize'  style='height: 721px;'  ><\/div>\n\n<style type=\"text\/css\" data-created_by=\"avia_inline_auto\" id=\"style-css-av-jpppafsn-f5966b423fca308b755190c011b645f9\">\n.avia-section.av-jpppafsn-f5966b423fca308b755190c011b645f9{\nbackground-color:#cc932a;\nbackground-image:unset;\n}\n<\/style>\n<div id='mobilecontent'  class='avia-section av-jpppafsn-f5966b423fca308b755190c011b645f9 main_color avia-section-default avia-no-border-styling  avia-builder-el-3  el_after_av_layerslider  el_before_av_one_full  avia-bg-style-scroll container_wrap fullsize'  ><div class='container av-section-cont-open' ><div class='template-page content  av-content-full alpha units'><div class='post-entry post-entry-type-page post-entry-348'><div class='entry-content-wrapper clearfix'>\n\n<style type=\"text\/css\" data-created_by=\"avia_inline_auto\" id=\"style-css-av-167ui-3060a1904e2597a652c2af60f66a91b1\">\n.flex_column.av-167ui-3060a1904e2597a652c2af60f66a91b1{\n-webkit-border-radius:0px 0px 0px 0px;\n-moz-border-radius:0px 0px 0px 0px;\nborder-radius:0px 0px 0px 0px;\npadding:0px 0px 0px 0px;\n}\n<\/style>\n<div class='flex_column av-167ui-3060a1904e2597a652c2af60f66a91b1 av_one_full  avia-builder-el-4  avia-builder-el-no-sibling  first flex_column_div av-zero-column-padding '     ><p>\n<style type=\"text\/css\" data-created_by=\"avia_inline_auto\" id=\"style-css-av-7g1yk-cb67c9bdfc6c216a15f3e4b834b88b3a\">\n#top .av-special-heading.av-7g1yk-cb67c9bdfc6c216a15f3e4b834b88b3a{\npadding-bottom:10px;\ncolor:#ffffff;\nfont-size:28px;\n}\nbody .av-special-heading.av-7g1yk-cb67c9bdfc6c216a15f3e4b834b88b3a .av-special-heading-tag .heading-char{\nfont-size:25px;\n}\n#top #wrap_all .av-special-heading.av-7g1yk-cb67c9bdfc6c216a15f3e4b834b88b3a .av-special-heading-tag{\nfont-size:28px;\n}\n.av-special-heading.av-7g1yk-cb67c9bdfc6c216a15f3e4b834b88b3a .special-heading-inner-border{\nborder-color:#ffffff;\n}\n.av-special-heading.av-7g1yk-cb67c9bdfc6c216a15f3e4b834b88b3a .av-subheading{\nfont-size:15px;\n}\n\n@media only screen and (min-width: 480px) and (max-width: 767px){ \n#top #wrap_all .av-special-heading.av-7g1yk-cb67c9bdfc6c216a15f3e4b834b88b3a .av-special-heading-tag{\nfont-size:0.8em;\n}\n}\n\n@media only screen and (max-width: 479px){ \n#top #wrap_all .av-special-heading.av-7g1yk-cb67c9bdfc6c216a15f3e4b834b88b3a .av-special-heading-tag{\nfont-size:0.8em;\n}\n}\n<\/style>\n<div  class='av-special-heading av-7g1yk-cb67c9bdfc6c216a15f3e4b834b88b3a av-special-heading-h1 custom-color-heading blockquote modern-quote modern-centered  avia-builder-el-5  el_before_av_textblock  avia-builder-el-first  av-inherit-size'><h1 class='av-special-heading-tag'  itemprop=\"headline\"  >Winery and excursion farm Leber<\/h1><div class=\"special-heading-border\"><div class=\"special-heading-inner-border\"><\/div><\/div><\/div><br \/>\n\n<style type=\"text\/css\" data-created_by=\"avia_inline_auto\" id=\"style-css-av-jpppc22y-bd1e0ea27e0af2ec126ff172ca3ecdf9\">\n#top .av_textblock_section.av-jpppc22y-bd1e0ea27e0af2ec126ff172ca3ecdf9 .avia_textblock{\ncolor:#ffffff;\n}\n<\/style>\n<section  class='av_textblock_section av-jpppc22y-bd1e0ea27e0af2ec126ff172ca3ecdf9'  itemscope=\"itemscope\" itemtype=\"https:\/\/schema.org\/CreativeWork\" ><div class='avia_textblock av_inherit_color'  itemprop=\"text\" ><p style=\"text-align: center;\">Igor in Petra Leber<br \/>\nPodigrac 19<br \/>\n2201 Zg. Kungota<\/p>\n<p style=\"text-align: center;\">Phone: <a href=\"386 41 878 908\">+386 41 878 908<\/a><br \/>\n<a href=\"386 31 559 896\">+386 31 559 896<\/a><\/p>\n<p style=\"text-align: center;\">E-mail: info@vino-leber.si<\/p>\n<p style=\"text-align: center;\">Opening times<\/p>\n<p style=\"text-align: center;\">Friday, Saturday, Sunday: 10am \u2013 10pm<br \/>\non other days open by arrangement<br \/>\nFor the sale of wine: Every day<\/p>\n<p style=\"text-align: center;\"><a href=\"https:\/\/www.google.com\/maps\/dir\/Maribor\/Podigrac+19,+2201+Zgornja+Kungota\/@46.6126899,15.5777653,11.75z\/data=!4m14!4m13!1m5!1m1!1s0x476f77a6ea402051:0x1053af90bc0daa22!2m2!1d15.6458812!2d46.5546503!1m5!1m1!1s0x476f9f982673452d:0xe136def7e157cab9!2m2!1d15.6195831!2d46.6710869!3e0\">Map<\/a><\/p>\n<p style=\"text-align: center;\">GPS coordinates<\/p>\n<p style=\"text-align: center;\">46.6711775 (N)<br \/>\n15.6174649 (E)<\/p>\n<div style=\"text-align: center;\"><a href=\"https:\/\/vino-leber.si\/wp-content\/uploads\/2022\/07\/spletna-stran-leber-vino.pdf\" target=\"_blank\" rel=\"noopener\"><img decoding=\"async\" loading=\"lazy\" class=\"alignnone size-medium wp-image-766\" src=\"https:\/\/vino-leber.si\/wp-content\/uploads\/2021\/09\/logoti-300x59.jpg\" alt=\"\" width=\"300\" height=\"59\" \/><\/a><\/div>\n<\/div><\/section><\/p><\/div>\n<\/div><\/div><\/div><!-- close content main div --><\/div><\/div><div id='after_section_1'  class='main_color av_default_container_wrap container_wrap fullsize'  ><div class='container av-section-cont-open' ><div class='template-page content  av-content-full alpha units'><div class='post-entry post-entry-type-page post-entry-348'><div class='entry-content-wrapper clearfix'>\n\n<style type=\"text\/css\" data-created_by=\"avia_inline_auto\" id=\"style-css-av-vmze-9a3b2ee2ae15574da6bb79e9705fe6dd\">\n.flex_column.av-vmze-9a3b2ee2ae15574da6bb79e9705fe6dd{\n-webkit-border-radius:0px 0px 0px 0px;\n-moz-border-radius:0px 0px 0px 0px;\nborder-radius:0px 0px 0px 0px;\npadding:0px 0px 0px 0px;\n}\n<\/style>\n<div class='flex_column av-vmze-9a3b2ee2ae15574da6bb79e9705fe6dd av_one_full  avia-builder-el-7  el_after_av_section  avia-builder-el-no-sibling  first flex_column_div av-zero-column-padding '     ><\/div>\n","protected":false},"excerpt":{"rendered":"","protected":false},"author":1,"featured_media":0,"parent":0,"menu_order":0,"comment_status":"closed","ping_status":"closed","template":"","meta":[],"yoast_head":"<!-- This site is optimized with the Yoast SEO plugin v19.13 - https:\/\/yoast.com\/wordpress\/plugins\/seo\/ -->\n<title>Contact - Vino Leber<\/title>\n<meta name=\"robots\" content=\"index, follow, max-snippet:-1, max-image-preview:large, max-video-preview:-1\" \/>\n<link rel=\"canonical\" href=\"https:\/\/vino-leber.si\/en\/contact\/\" \/>\n<meta property=\"og:locale\" content=\"en_US\" \/>\n<meta property=\"og:type\" content=\"article\" \/>\n<meta property=\"og:title\" content=\"Contact - Vino Leber\" \/>\n<meta property=\"og:url\" content=\"https:\/\/vino-leber.si\/en\/contact\/\" \/>\n<meta property=\"og:site_name\" content=\"Vino Leber\" \/>\n<meta property=\"article:modified_time\" content=\"2022-12-19T10:33:31+00:00\" \/>\n<meta property=\"og:image\" content=\"https:\/\/vino-leber.si\/wp-content\/uploads\/2021\/09\/logoti.jpg\" \/>\n<meta name=\"twitter:card\" content=\"summary_large_image\" \/>\n<meta name=\"twitter:label1\" content=\"Est. reading time\" \/>\n\t<meta name=\"twitter:data1\" content=\"2 minutes\" \/>\n<script type=\"application\/ld+json\" class=\"yoast-schema-graph\">{\"@context\":\"https:\/\/schema.org\",\"@graph\":[{\"@type\":\"WebPage\",\"@id\":\"https:\/\/vino-leber.si\/en\/contact\/\",\"url\":\"https:\/\/vino-leber.si\/en\/contact\/\",\"name\":\"Contact - Vino Leber\",\"isPartOf\":{\"@id\":\"https:\/\/vino-leber.si\/#website\"},\"datePublished\":\"2018-11-21T13:14:26+00:00\",\"dateModified\":\"2022-12-19T10:33:31+00:00\",\"breadcrumb\":{\"@id\":\"https:\/\/vino-leber.si\/en\/contact\/#breadcrumb\"},\"inLanguage\":\"en-US\",\"potentialAction\":[{\"@type\":\"ReadAction\",\"target\":[\"https:\/\/vino-leber.si\/en\/contact\/\"]}]},{\"@type\":\"BreadcrumbList\",\"@id\":\"https:\/\/vino-leber.si\/en\/contact\/#breadcrumb\",\"itemListElement\":[{\"@type\":\"ListItem\",\"position\":1,\"name\":\"Home\",\"item\":\"https:\/\/vino-leber.si\/en\/\"},{\"@type\":\"ListItem\",\"position\":2,\"name\":\"Contact\"}]},{\"@type\":\"WebSite\",\"@id\":\"https:\/\/vino-leber.si\/#website\",\"url\":\"https:\/\/vino-leber.si\/\",\"name\":\"Vino Leber\",\"description\":\"\u0160e eno spleti\u0161\u010de WordPress\",\"potentialAction\":[{\"@type\":\"SearchAction\",\"target\":{\"@type\":\"EntryPoint\",\"urlTemplate\":\"https:\/\/vino-leber.si\/?s={search_term_string}\"},\"query-input\":\"required name=search_term_string\"}],\"inLanguage\":\"en-US\"}]}<\/script>\n<!-- \/ Yoast SEO plugin. -->","yoast_head_json":{"title":"Contact - Vino Leber","robots":{"index":"index","follow":"follow","max-snippet":"max-snippet:-1","max-image-preview":"max-image-preview:large","max-video-preview":"max-video-preview:-1"},"canonical":"https:\/\/vino-leber.si\/en\/contact\/","og_locale":"en_US","og_type":"article","og_title":"Contact - Vino Leber","og_url":"https:\/\/vino-leber.si\/en\/contact\/","og_site_name":"Vino Leber","article_modified_time":"2022-12-19T10:33:31+00:00","og_image":[{"url":"https:\/\/vino-leber.si\/wp-content\/uploads\/2021\/09\/logoti.jpg"}],"twitter_card":"summary_large_image","twitter_misc":{"Est. reading time":"2 minutes"},"schema":{"@context":"https:\/\/schema.org","@graph":[{"@type":"WebPage","@id":"https:\/\/vino-leber.si\/en\/contact\/","url":"https:\/\/vino-leber.si\/en\/contact\/","name":"Contact - Vino Leber","isPartOf":{"@id":"https:\/\/vino-leber.si\/#website"},"datePublished":"2018-11-21T13:14:26+00:00","dateModified":"2022-12-19T10:33:31+00:00","breadcrumb":{"@id":"https:\/\/vino-leber.si\/en\/contact\/#breadcrumb"},"inLanguage":"en-US","potentialAction":[{"@type":"ReadAction","target":["https:\/\/vino-leber.si\/en\/contact\/"]}]},{"@type":"BreadcrumbList","@id":"https:\/\/vino-leber.si\/en\/contact\/#breadcrumb","itemListElement":[{"@type":"ListItem","position":1,"name":"Home","item":"https:\/\/vino-leber.si\/en\/"},{"@type":"ListItem","position":2,"name":"Contact"}]},{"@type":"WebSite","@id":"https:\/\/vino-leber.si\/#website","url":"https:\/\/vino-leber.si\/","name":"Vino Leber","description":"\u0160e eno spleti\u0161\u010de WordPress","potentialAction":[{"@type":"SearchAction","target":{"@type":"EntryPoint","urlTemplate":"https:\/\/vino-leber.si\/?s={search_term_string}"},"query-input":"required name=search_term_string"}],"inLanguage":"en-US"}]}},"_links":{"self":[{"href":"https:\/\/vino-leber.si\/en\/wp-json\/wp\/v2\/pages\/348"}],"collection":[{"href":"https:\/\/vino-leber.si\/en\/wp-json\/wp\/v2\/pages"}],"about":[{"href":"https:\/\/vino-leber.si\/en\/wp-json\/wp\/v2\/types\/page"}],"author":[{"embeddable":true,"href":"https:\/\/vino-leber.si\/en\/wp-json\/wp\/v2\/users\/1"}],"replies":[{"embeddable":true,"href":"https:\/\/vino-leber.si\/en\/wp-json\/wp\/v2\/comments?post=348"}],"version-history":[{"count":13,"href":"https:\/\/vino-leber.si\/en\/wp-json\/wp\/v2\/pages\/348\/revisions"}],"predecessor-version":[{"id":1211,"href":"https:\/\/vino-leber.si\/en\/wp-json\/wp\/v2\/pages\/348\/revisions\/1211"}],"wp:attachment":[{"href":"https:\/\/vino-leber.si\/en\/wp-json\/wp\/v2\/media?parent=348"}],"curies":[{"name":"wp","href":"https:\/\/api.w.org\/{rel}","templated":true}]}}